{"id":6523,"date":"2018-06-07T12:39:16","date_gmt":"2018-06-07T11:39:16","guid":{"rendered":"http:\/\/clubnatacionboadilla.es\/?page_id=6523"},"modified":"2018-06-08T07:04:25","modified_gmt":"2018-06-08T06:04:25","slug":"ceifc-2018-contacto-e-informacion","status":"publish","type":"page","link":"https:\/\/clubnatacionboadilla.es\/?page_id=6523","title":{"rendered":"CEIFC 2018 &#8211; Contacto e informaci\u00f3n"},"content":{"rendered":"<p><span style=\"color: #ffff00;\"><strong><em>CAMPEONATO DE ESPA\u00d1A DE WATERPOLO INFANTIL FEMENINO POR CLUBES 2018<\/em><\/strong><\/span><br \/>\n<span style=\"color: #2e5fb8;\">.<\/span><\/p>\n<p style=\"text-align: justify;\"><span style=\"color: #ffffff;\">Para solicitar informaci\u00f3n o resolver cualquier duda al respecto del campeonato, pod\u00e9is contactar con nosotros en esta direcci\u00f3n de correo electr\u00f3nico:<\/span><\/p>\n<p><span style=\"color: #2e5fb8;\">.<\/span><br \/>\n<span style=\"color: #ffff00;\"><a style=\"color: #ffff00;\" href=\"mailto:entrenador_natacion@clubnatacionboadilla.es\">GABI &#8211; entrenador_natacion@clubnatacionboadilla.es<\/a><\/span><br \/>\n<span style=\"color: #2e5fb8;\">.<\/span><\/p>\n<p style=\"text-align: justify;\"><span style=\"color: #ffffff;\">Gabi es la persona de referencia designada por nuestro club para todo lo referente a la organizaci\u00f3n del evento, e intentar\u00e1 facilitaros cualquier necesidad que pod\u00e1is tener antes y durante la disputa del mismo.<\/span><\/p>\n","protected":false},"excerpt":{"rendered":"<p>CAMPEONATO DE ESPA\u00d1A DE WATERPOLO INFANTIL FEMENINO POR CLUBES 2018 . Para solicitar informaci\u00f3n o resolver cualquier duda al respecto del campeonato, pod\u00e9is contactar con nosotros en esta direcci\u00f3n de correo electr\u00f3nico: . GABI &#8211; entrenador_natacion@clubnatacionboadilla.es . Gabi es la persona de referencia designada por nuestro club para todo lo referente a la organizaci\u00f3n del [&hellip;]<\/p>\n","protected":false},"author":20,"featured_media":0,"parent":6521,"menu_order":2,"comment_status":"closed","ping_status":"closed","template":"","meta":[],"_links":{"self":[{"href":"https:\/\/clubnatacionboadilla.es\/index.php?rest_route=\/wp\/v2\/pages\/6523"}],"collection":[{"href":"https:\/\/clubnatacionboadilla.es\/index.php?rest_route=\/wp\/v2\/pages"}],"about":[{"href":"https:\/\/clubnatacionboadilla.es\/index.php?rest_route=\/wp\/v2\/types\/page"}],"author":[{"embeddable":true,"href":"https:\/\/clubnatacionboadilla.es\/index.php?rest_route=\/wp\/v2\/users\/20"}],"replies":[{"embeddable":true,"href":"https:\/\/clubnatacionboadilla.es\/index.php?rest_route=%2Fwp%2Fv2%2Fcomments&post=6523"}],"version-history":[{"count":8,"href":"https:\/\/clubnatacionboadilla.es\/index.php?rest_route=\/wp\/v2\/pages\/6523\/revisions"}],"predecessor-version":[{"id":6593,"href":"https:\/\/clubnatacionboadilla.es\/index.php?rest_route=\/wp\/v2\/pages\/6523\/revisions\/6593"}],"up":[{"embeddable":true,"href":"https:\/\/clubnatacionboadilla.es\/index.php?rest_route=\/wp\/v2\/pages\/6521"}],"wp:attachment":[{"href":"https:\/\/clubnatacionboadilla.es\/index.php?rest_route=%2Fwp%2Fv2%2Fmedia&parent=6523"}],"curies":[{"name":"wp","href":"https:\/\/api.w.org\/{rel}","templated":true}]}}