{"id":6222,"date":"2018-03-08T05:30:56","date_gmt":"2018-03-08T04:30:56","guid":{"rendered":"http:\/\/clubnatacionboadilla.es\/?page_id=6222"},"modified":"2025-09-26T10:27:29","modified_gmt":"2025-09-26T09:27:29","slug":"documentos-2","status":"publish","type":"page","link":"https:\/\/clubnatacionboadilla.es\/?page_id=6222","title":{"rendered":"Documentos"},"content":{"rendered":"<p style=\"text-align: justify;\"><span style=\"color: #ffffff;\">Ponemos a vuestra disposici\u00f3n toda la documentaci\u00f3n que pod\u00e9is necesitar:<\/span><\/p>\n<p style=\"padding-left: 30px;\"><a href=\"https:\/\/clubnatacionboadilla.es\/wordpress\/wp-content\/uploads\/2025\/09\/CDNB_alta_info-EIC-sep25.pdf\" target=\"_blank\" rel=\"noopener noreferrer\">Informaci\u00f3n Escuela de Iniciaci\u00f3n<\/a><\/p>\n<p style=\"padding-left: 30px;\"><a href=\"https:\/\/clubnatacionboadilla.es\/wordpress\/wp-content\/uploads\/2025\/09\/CDNB_alta_info-WP-sep25.pdf\" target=\"_blank\" rel=\"noopener noreferrer\">Informaci\u00f3n Equipos de Competici\u00f3n &#8211; Waterpolo<\/a><\/p>\n<p style=\"padding-left: 30px;\"><a href=\"https:\/\/clubnatacionboadilla.es\/wordpress\/wp-content\/uploads\/2025\/09\/CDNB_alta_info-MASTER-sep25.pdf\" target=\"_blank\" rel=\"noopener noreferrer\">Informaci\u00f3n M\u00e1ster &#8211; Nataci\u00f3n y Waterpolo<\/a><\/p>\n<p style=\"padding-left: 30px;\"><a href=\"https:\/\/clubnatacionboadilla.es\/wordpress\/wp-content\/uploads\/2025\/09\/CDNB_alta-deportistas-sep25.pdf\" target=\"_blank\" rel=\"noopener noreferrer\">Ficha de Inscripci\u00f3n<\/a><\/p>\n<p style=\"padding-left: 30px;\"><a href=\"https:\/\/clubnatacionboadilla.es\/?page_id=2770\">Solicitud de Material Deportivo<\/a><\/p>\n<p style=\"padding-left: 30px;\"><a href=\"https:\/\/clubnatacionboadilla.es\/wordpress\/wp-content\/uploads\/2025\/09\/dossier-2526-v1.1.pdf\" target=\"_blank\" rel=\"noopener noreferrer\">Dossier Patrocinio<\/a><\/p>\n<p><span style=\"color: #2E5FB8;\">.<\/span><br \/>\n<a href=\"https:\/\/clubnatacionboadilla.es\/?page_id=1581\"><img decoding=\"async\" loading=\"lazy\" class=\"aligncenter size-full wp-image-6600\" src=\"http:\/\/clubnatacionboadilla.es\/wordpress\/wp-content\/uploads\/2025\/03\/DOCU-foto.jpg\" alt=\"\" width=\"1000\" height=\"326\"><\/a><\/p>\n","protected":false},"excerpt":{"rendered":"<p>Ponemos a vuestra disposici\u00f3n toda la documentaci\u00f3n que pod\u00e9is necesitar: Informaci\u00f3n Escuela de Iniciaci\u00f3n Informaci\u00f3n Equipos de Competici\u00f3n &#8211; Waterpolo Informaci\u00f3n M\u00e1ster &#8211; Nataci\u00f3n y Waterpolo Ficha de Inscripci\u00f3n Solicitud de Material Deportivo Dossier Patrocinio .<\/p>\n","protected":false},"author":20,"featured_media":0,"parent":0,"menu_order":0,"comment_status":"closed","ping_status":"closed","template":"","meta":[],"_links":{"self":[{"href":"https:\/\/clubnatacionboadilla.es\/index.php?rest_route=\/wp\/v2\/pages\/6222"}],"collection":[{"href":"https:\/\/clubnatacionboadilla.es\/index.php?rest_route=\/wp\/v2\/pages"}],"about":[{"href":"https:\/\/clubnatacionboadilla.es\/index.php?rest_route=\/wp\/v2\/types\/page"}],"author":[{"embeddable":true,"href":"https:\/\/clubnatacionboadilla.es\/index.php?rest_route=\/wp\/v2\/users\/20"}],"replies":[{"embeddable":true,"href":"https:\/\/clubnatacionboadilla.es\/index.php?rest_route=%2Fwp%2Fv2%2Fcomments&post=6222"}],"version-history":[{"count":26,"href":"https:\/\/clubnatacionboadilla.es\/index.php?rest_route=\/wp\/v2\/pages\/6222\/revisions"}],"predecessor-version":[{"id":7598,"href":"https:\/\/clubnatacionboadilla.es\/index.php?rest_route=\/wp\/v2\/pages\/6222\/revisions\/7598"}],"wp:attachment":[{"href":"https:\/\/clubnatacionboadilla.es\/index.php?rest_route=%2Fwp%2Fv2%2Fmedia&parent=6222"}],"curies":[{"name":"wp","href":"https:\/\/api.w.org\/{rel}","templated":true}]}}