{"id":5753,"date":"2017-10-16T11:50:07","date_gmt":"2017-10-16T10:50:07","guid":{"rendered":"http:\/\/clubnatacionboadilla.es\/?page_id=5753"},"modified":"2025-03-20T10:20:05","modified_gmt":"2025-03-20T09:20:05","slug":"equipos-de-competicion-natacionwaterpolo1","status":"publish","type":"page","link":"https:\/\/clubnatacionboadilla.es\/?page_id=5753","title":{"rendered":"Equipos de Competici\u00f3n"},"content":{"rendered":"<p style=\"text-align: justify;\"><span style=\"color: #ffffff;\">Si tienes m\u00e1s de 10 a\u00f1os, dominas el medio acu\u00e1tico, te apetece competir y quieres formar parte de un equipo cumples los requisitos para <a href=\"https:\/\/clubnatacionboadilla.es\/?page_id=5640\">incorporarte<\/a> al Club Deportivo Nataci\u00f3n Boadilla.<\/span><\/p>\n<p style=\"text-align: justify;\"><span style=\"color: #ffffff;\">Desde septiembre a julio puedes entrenar de lunes a viernes y comprobar tus progresos junto a tus compa\u00f1eros y t\u00e9cnicos en las competiciones en que tomamos parte. Seguro que tu esfuerzo diario se ve recompensado: demu\u00e9strate a ti mismo que eres capaz de asumir el reto.<\/span><\/p>\n<p><span style=\"color: #ffffff;\">\u00a1\u00danete al club!<\/span><\/p>\n<h5 style=\"padding-left: 30px;\"><a href=\"http:\/\/clubnatacionboadilla.es\/?page_id=6222\">Documentaci\u00f3n Equipos de Competici\u00f3n<\/a><\/h5>\n<p><span style=\"color: #2e5fb8;\">.<\/span><br \/>\n<a href=\"https:\/\/clubnatacionboadilla.es\/?page_id=1581\"><img decoding=\"async\" loading=\"lazy\" class=\"aligncenter size-full wp-image-6600\" src=\"http:\/\/clubnatacionboadilla.es\/wordpress\/wp-content\/uploads\/2025\/03\/CLUB-equipos.jpg\" alt=\"\" width=\"1000\" height=\"326\"><\/a><\/p>\n","protected":false},"excerpt":{"rendered":"<p>Si tienes m\u00e1s de 10 a\u00f1os, dominas el medio acu\u00e1tico, te apetece competir y quieres formar parte de un equipo cumples los requisitos para incorporarte al Club Deportivo Nataci\u00f3n Boadilla. Desde septiembre a julio puedes entrenar de lunes a viernes y comprobar tus progresos junto a tus compa\u00f1eros y t\u00e9cnicos en las competiciones en que [&hellip;]<\/p>\n","protected":false},"author":7,"featured_media":0,"parent":5644,"menu_order":3,"comment_status":"closed","ping_status":"closed","template":"","meta":[],"_links":{"self":[{"href":"https:\/\/clubnatacionboadilla.es\/index.php?rest_route=\/wp\/v2\/pages\/5753"}],"collection":[{"href":"https:\/\/clubnatacionboadilla.es\/index.php?rest_route=\/wp\/v2\/pages"}],"about":[{"href":"https:\/\/clubnatacionboadilla.es\/index.php?rest_route=\/wp\/v2\/types\/page"}],"author":[{"embeddable":true,"href":"https:\/\/clubnatacionboadilla.es\/index.php?rest_route=\/wp\/v2\/users\/7"}],"replies":[{"embeddable":true,"href":"https:\/\/clubnatacionboadilla.es\/index.php?rest_route=%2Fwp%2Fv2%2Fcomments&post=5753"}],"version-history":[{"count":46,"href":"https:\/\/clubnatacionboadilla.es\/index.php?rest_route=\/wp\/v2\/pages\/5753\/revisions"}],"predecessor-version":[{"id":7576,"href":"https:\/\/clubnatacionboadilla.es\/index.php?rest_route=\/wp\/v2\/pages\/5753\/revisions\/7576"}],"up":[{"embeddable":true,"href":"https:\/\/clubnatacionboadilla.es\/index.php?rest_route=\/wp\/v2\/pages\/5644"}],"wp:attachment":[{"href":"https:\/\/clubnatacionboadilla.es\/index.php?rest_route=%2Fwp%2Fv2%2Fmedia&parent=5753"}],"curies":[{"name":"wp","href":"https:\/\/api.w.org\/{rel}","templated":true}]}}