{"id":5644,"date":"2016-11-19T17:04:27","date_gmt":"2016-11-19T16:04:27","guid":{"rendered":"http:\/\/clubnatacionboadilla.es\/?page_id=5644"},"modified":"2025-03-20T09:16:03","modified_gmt":"2025-03-20T08:16:03","slug":"apuntate","status":"publish","type":"page","link":"https:\/\/clubnatacionboadilla.es\/?page_id=5644","title":{"rendered":"Ap\u00fantate"},"content":{"rendered":"<p style=\"text-align: justify;\"><span style=\"color: #ffffff;\">\u00bfQuieres iniciarte en la competici\u00f3n en nuestra escuela? \u00bfQuieres formar parte de nuestros equipos? \u00bfQuieres disfrutar de la nataci\u00f3n m\u00e1ster? Si has respondido afirmativamente a cualquiera de estas preguntas pincha en los enlaces de abajo para obtener toda la informaci\u00f3n que necesitas:<\/span><\/p>\n<h5 style=\"padding-left: 30px;\"><a href=\"https:\/\/clubnatacionboadilla.es\/?p=5640\">Pruebas de nivel<\/a><\/h5>\n<h5 style=\"padding-left: 30px;\"><a href=\"https:\/\/clubnatacionboadilla.es\/?page_id=260\">Escuela de Iniciaci\u00f3n<\/a><\/h5>\n<h5 style=\"padding-left: 30px;\"><a href=\"https:\/\/clubnatacionboadilla.es\/?page_id=5753\">Equipos de Competici\u00f3n<\/a><\/h5>\n<h5 style=\"padding-left: 30px;\"><a href=\"https:\/\/clubnatacionboadilla.es\/?page_id=6376\">Nataci\u00f3n y Waterpolo M\u00e1ster<\/a><\/h5>\n<h5 style=\"padding-left: 30px;\"><a href=\"https:\/\/clubnatacionboadilla.es\/?page_id=23\">Grupos de Entrenamiento<\/a><\/h5>\n<h5 style=\"padding-left: 30px;\"><a href=\"https:\/\/clubnatacionboadilla.es\/?page_id=2770\">Material Deportivo<\/a><\/h5>\n<p><span style=\"color: #2e5fb8;\">.<\/span><br \/>\n<a href=\"http:\/\/clubnatacionboadilla.es\/?page_id=1581\"><img decoding=\"async\" loading=\"lazy\" class=\"aligncenter size-full wp-image-6600\" src=\"http:\/\/clubnatacionboadilla.es\/wordpress\/wp-content\/uploads\/2025\/03\/APUNTATE-peques.jpg\" alt=\"\" width=\"1000\" height=\"326\"><\/a><\/p>\n","protected":false},"excerpt":{"rendered":"<p>\u00bfQuieres iniciarte en la competici\u00f3n en nuestra escuela? \u00bfQuieres formar parte de nuestros equipos? \u00bfQuieres disfrutar de la nataci\u00f3n m\u00e1ster? Si has respondido afirmativamente a cualquiera de estas preguntas pincha en los enlaces de abajo para obtener toda la informaci\u00f3n que necesitas: Pruebas de nivel Escuela de Iniciaci\u00f3n Equipos de Competici\u00f3n Nataci\u00f3n y Waterpolo M\u00e1ster [&hellip;]<\/p>\n","protected":false},"author":20,"featured_media":0,"parent":0,"menu_order":0,"comment_status":"closed","ping_status":"closed","template":"","meta":[],"_links":{"self":[{"href":"https:\/\/clubnatacionboadilla.es\/index.php?rest_route=\/wp\/v2\/pages\/5644"}],"collection":[{"href":"https:\/\/clubnatacionboadilla.es\/index.php?rest_route=\/wp\/v2\/pages"}],"about":[{"href":"https:\/\/clubnatacionboadilla.es\/index.php?rest_route=\/wp\/v2\/types\/page"}],"author":[{"embeddable":true,"href":"https:\/\/clubnatacionboadilla.es\/index.php?rest_route=\/wp\/v2\/users\/20"}],"replies":[{"embeddable":true,"href":"https:\/\/clubnatacionboadilla.es\/index.php?rest_route=%2Fwp%2Fv2%2Fcomments&post=5644"}],"version-history":[{"count":15,"href":"https:\/\/clubnatacionboadilla.es\/index.php?rest_route=\/wp\/v2\/pages\/5644\/revisions"}],"predecessor-version":[{"id":7547,"href":"https:\/\/clubnatacionboadilla.es\/index.php?rest_route=\/wp\/v2\/pages\/5644\/revisions\/7547"}],"wp:attachment":[{"href":"https:\/\/clubnatacionboadilla.es\/index.php?rest_route=%2Fwp%2Fv2%2Fmedia&parent=5644"}],"curies":[{"name":"wp","href":"https:\/\/api.w.org\/{rel}","templated":true}]}}