{"id":5640,"date":"2016-11-19T17:03:29","date_gmt":"2016-11-19T16:03:29","guid":{"rendered":"http:\/\/clubnatacionboadilla.es\/?page_id=5640"},"modified":"2025-03-20T09:19:52","modified_gmt":"2025-03-20T08:19:52","slug":"pruebas-de-nivel","status":"publish","type":"page","link":"https:\/\/clubnatacionboadilla.es\/?page_id=5640","title":{"rendered":"Pruebas de Nivel"},"content":{"rendered":"<p style=\"text-align: justify;\"><span style=\"color: #ffffff;\">Si est\u00e1s interesado en realizar una<\/span>&nbsp;<span style=\"color: #ffff00;\">prueba de nivel<\/span> <span style=\"color: #ffffff;\">para incorporarte a nuestra<\/span> <a href=\"https:\/\/clubnatacionboadilla.es\/?page_id=260\"><span style=\"color: #ffff00;\">ESCUELA DE INICIACI\u00d3N A LA COMPETICI\u00d3N<\/span><\/a> <span style=\"color: #ffffff;\">, a los equipos de competici\u00f3n del<\/span> <a href=\"https:\/\/clubnatacionboadilla.es\/?page_id=5753\"><span style=\"color: #ffff00;\">CLUB<\/span><\/a> <span style=\"color: #ffffff;\"> o a los grupos <\/span> <a href=\"https:\/\/clubnatacionboadilla.es\/?page_id=6376\"><span style=\"color: #ffff00;\">M\u00c1STER<\/span><\/a> <span style=\"color: #ffffff;\"> pod\u00e9is mandar un correo electr\u00f3nico a<\/span> <span style=\"color: #ffff00;\"><a style=\"color: #ffff00;\" href=\"mailto:secretaria@clubnatacionboadilla.es\">secretaria@clubnatacionboadilla.es<\/a><\/span> <span style=\"color: #ffffff;\">y os indicaremos qu\u00e9 d\u00eda y a qu\u00e9 instalaci\u00f3n pod\u00e9is ir a que nuestros t\u00e9cnicos os realicen la prueba.<\/span><\/p>\n<p style=\"text-align: justify;\"><span style=\"color: #ffffff;\">Actualmente ofertamos grupos para cualquier edad, desde prebenjamines a adultos. Animaos a probar y traed a vuestros amigos: cuantos m\u00e1s seamos mejor nos lo pasaremos \ud83d\ude09<\/span><\/p>\n<p><span style=\"color: #2e5fb8;\">.<\/span><br \/>\n<a href=\"https:\/\/clubnatacionboadilla.es\/?page_id=1581\"><img decoding=\"async\" loading=\"lazy\" class=\"aligncenter size-full wp-image-6600\" src=\"http:\/\/clubnatacionboadilla.es\/wordpress\/wp-content\/uploads\/2025\/03\/PRUEBAS-foto.jpg\" alt=\"\" width=\"1000\" height=\"326\"><\/a><\/p>\n","protected":false},"excerpt":{"rendered":"<p>Si est\u00e1s interesado en realizar una&nbsp;prueba de nivel para incorporarte a nuestra ESCUELA DE INICIACI\u00d3N A LA COMPETICI\u00d3N , a los equipos de competici\u00f3n del CLUB o a los grupos M\u00c1STER pod\u00e9is mandar un correo electr\u00f3nico a secretaria@clubnatacionboadilla.es y os indicaremos qu\u00e9 d\u00eda y a qu\u00e9 instalaci\u00f3n pod\u00e9is ir a que nuestros t\u00e9cnicos os realicen [&hellip;]<\/p>\n","protected":false},"author":20,"featured_media":0,"parent":5644,"menu_order":1,"comment_status":"closed","ping_status":"closed","template":"","meta":[],"_links":{"self":[{"href":"https:\/\/clubnatacionboadilla.es\/index.php?rest_route=\/wp\/v2\/pages\/5640"}],"collection":[{"href":"https:\/\/clubnatacionboadilla.es\/index.php?rest_route=\/wp\/v2\/pages"}],"about":[{"href":"https:\/\/clubnatacionboadilla.es\/index.php?rest_route=\/wp\/v2\/types\/page"}],"author":[{"embeddable":true,"href":"https:\/\/clubnatacionboadilla.es\/index.php?rest_route=\/wp\/v2\/users\/20"}],"replies":[{"embeddable":true,"href":"https:\/\/clubnatacionboadilla.es\/index.php?rest_route=%2Fwp%2Fv2%2Fcomments&post=5640"}],"version-history":[{"count":24,"href":"https:\/\/clubnatacionboadilla.es\/index.php?rest_route=\/wp\/v2\/pages\/5640\/revisions"}],"predecessor-version":[{"id":7550,"href":"https:\/\/clubnatacionboadilla.es\/index.php?rest_route=\/wp\/v2\/pages\/5640\/revisions\/7550"}],"up":[{"embeddable":true,"href":"https:\/\/clubnatacionboadilla.es\/index.php?rest_route=\/wp\/v2\/pages\/5644"}],"wp:attachment":[{"href":"https:\/\/clubnatacionboadilla.es\/index.php?rest_route=%2Fwp%2Fv2%2Fmedia&parent=5640"}],"curies":[{"name":"wp","href":"https:\/\/api.w.org\/{rel}","templated":true}]}}