{"id":5610,"date":"2016-11-18T11:13:18","date_gmt":"2016-11-18T10:13:18","guid":{"rendered":"http:\/\/clubnatacionboadilla.es\/?page_id=5610"},"modified":"2025-09-26T10:19:11","modified_gmt":"2025-09-26T09:19:11","slug":"quienes-somos","status":"publish","type":"page","link":"https:\/\/clubnatacionboadilla.es\/?page_id=5610","title":{"rendered":"Qui\u00e9nes somos"},"content":{"rendered":"<p><span style=\"color: #ffffff;\">Conoce la estructura del club y qui\u00e9nes trabajamos en \u00e9l:<\/span><\/p>\n<p>&nbsp;<\/p>\n<p><span style=\"color: #ffffff;\"><strong>JUNTA DIRECTIVA<\/strong><\/span><\/p>\n<ul>\n<li><span style=\"color: #ffffff;\"><strong>Vicente De La Cruz Marina (Presidente)<\/strong><\/span><\/li>\n<li><span style=\"color: #ffffff;\"><strong>Roberto Fern\u00e1ndez Fern\u00e1ndez (Secretario)<\/strong><\/span><\/li>\n<li><span style=\"color: #ffffff;\"><strong>Mart\u00edn Ruano L\u00f3pez (Tesorero)<\/strong><\/span><\/li>\n<\/ul>\n<p>&nbsp;<\/p>\n<p><span style=\"color: #ffffff;\"><strong>CUERPO T\u00c9CNICO<\/strong><\/span><\/p>\n<ul>\n<li><span style=\"color: #ffffff;\"><strong>Mar Rodr\u00edguez (Directora T\u00e9cnica)<\/strong><\/span><\/li>\n<li><span style=\"color: #ffffff;\"><strong>Gabriel M\u00aa Mata<\/strong><\/span><\/li>\n<li><span style=\"color: #ffffff;\"><strong>V\u00edctor Camarena<\/strong><\/span><\/li>\n<li><span style=\"color: #ffffff;\"><strong>Claudia Portillo<\/strong><\/span><\/li>\n<\/ul>\n","protected":false},"excerpt":{"rendered":"<p>Conoce la estructura del club y qui\u00e9nes trabajamos en \u00e9l: &nbsp; JUNTA DIRECTIVA Vicente De La Cruz Marina (Presidente) Roberto Fern\u00e1ndez Fern\u00e1ndez (Secretario) Mart\u00edn Ruano L\u00f3pez (Tesorero) &nbsp; CUERPO T\u00c9CNICO Mar Rodr\u00edguez (Directora T\u00e9cnica) Gabriel M\u00aa Mata V\u00edctor Camarena Claudia Portillo<\/p>\n","protected":false},"author":7,"featured_media":0,"parent":0,"menu_order":0,"comment_status":"closed","ping_status":"closed","template":"","meta":[],"_links":{"self":[{"href":"https:\/\/clubnatacionboadilla.es\/index.php?rest_route=\/wp\/v2\/pages\/5610"}],"collection":[{"href":"https:\/\/clubnatacionboadilla.es\/index.php?rest_route=\/wp\/v2\/pages"}],"about":[{"href":"https:\/\/clubnatacionboadilla.es\/index.php?rest_route=\/wp\/v2\/types\/page"}],"author":[{"embeddable":true,"href":"https:\/\/clubnatacionboadilla.es\/index.php?rest_route=\/wp\/v2\/users\/7"}],"replies":[{"embeddable":true,"href":"https:\/\/clubnatacionboadilla.es\/index.php?rest_route=%2Fwp%2Fv2%2Fcomments&post=5610"}],"version-history":[{"count":25,"href":"https:\/\/clubnatacionboadilla.es\/index.php?rest_route=\/wp\/v2\/pages\/5610\/revisions"}],"predecessor-version":[{"id":7595,"href":"https:\/\/clubnatacionboadilla.es\/index.php?rest_route=\/wp\/v2\/pages\/5610\/revisions\/7595"}],"wp:attachment":[{"href":"https:\/\/clubnatacionboadilla.es\/index.php?rest_route=%2Fwp%2Fv2%2Fmedia&parent=5610"}],"curies":[{"name":"wp","href":"https:\/\/api.w.org\/{rel}","templated":true}]}}