{"id":2770,"date":"2012-05-20T18:59:54","date_gmt":"2012-05-20T17:59:54","guid":{"rendered":"http:\/\/clubnatacionboadilla.es\/?page_id=2770"},"modified":"2025-11-20T10:29:49","modified_gmt":"2025-11-20T09:29:49","slug":"equipo-humano","status":"publish","type":"page","link":"https:\/\/clubnatacionboadilla.es\/?page_id=2770","title":{"rendered":"Material Deportivo"},"content":{"rendered":"<p style=\"text-align: justify;\"><span style=\"color: #ffffff;\">Para tramitar el pedido ser\u00e1 necesario realizar una transferencia a la cuenta del Club por el importe total del material solicitado.<\/span><\/p>\n<p style=\"padding-left: 30px;\"><a href=\"http:\/\/clubnatacionboadilla.es\/wordpress\/wp-content\/uploads\/2025\/11\/CDNB_pedido-material-2025.pdf\" target=\"_blank\" rel=\"noopener noreferrer\">Informaci\u00f3n Material Deportivo<\/a><\/p>\n<p style=\"text-align: justify;\"><span style=\"color: #ffffff;\">Todos los precios son mostrados en Euros y tienen incluido el IVA.<\/span><\/p>\n<p style=\"text-align: justify;\"><span style=\"color: #ffffff;\">El pedido se har\u00e1 por correo electr\u00f3nico a la direcci\u00f3n:<\/span><\/p>\n<p style=\"padding-left: 30px;\"><span style=\"color: #0000ff;\"><a href=\"mailto:secretaria@clubnatacionboadilla.es\">secretaria@clubnatacionboadilla.es<\/a><\/span><\/p>\n<p style=\"text-align: justify;\"><span style=\"color: #ffffff;\">Habr\u00e1 que especificar modelo, talla y unidades.<\/span><\/p>\n<p><a href=\"https:\/\/clubnatacionboadilla.es\/wordpress\/wp-content\/uploads\/2025\/03\/CDNB_pedido-material-2425.pdf\" target=\"_blank\" rel=\"noopener noreferrer\"><img decoding=\"async\" loading=\"lazy\" class=\"aligncenter size-full wp-image-6600\" src=\"http:\/\/clubnatacionboadilla.es\/wordpress\/wp-content\/uploads\/2025\/03\/MATERIAL-foto.jpg\" alt=\"\" width=\"1000\" height=\"326\"><\/a><\/p>\n","protected":false},"excerpt":{"rendered":"<p>Para tramitar el pedido ser\u00e1 necesario realizar una transferencia a la cuenta del Club por el importe total del material solicitado. Informaci\u00f3n Material Deportivo Todos los precios son mostrados en Euros y tienen incluido el IVA. El pedido se har\u00e1 por correo electr\u00f3nico a la direcci\u00f3n: secretaria@clubnatacionboadilla.es Habr\u00e1 que especificar modelo, talla y unidades.<\/p>\n","protected":false},"author":20,"featured_media":0,"parent":5644,"menu_order":5,"comment_status":"closed","ping_status":"closed","template":"","meta":[],"_links":{"self":[{"href":"https:\/\/clubnatacionboadilla.es\/index.php?rest_route=\/wp\/v2\/pages\/2770"}],"collection":[{"href":"https:\/\/clubnatacionboadilla.es\/index.php?rest_route=\/wp\/v2\/pages"}],"about":[{"href":"https:\/\/clubnatacionboadilla.es\/index.php?rest_route=\/wp\/v2\/types\/page"}],"author":[{"embeddable":true,"href":"https:\/\/clubnatacionboadilla.es\/index.php?rest_route=\/wp\/v2\/users\/20"}],"replies":[{"embeddable":true,"href":"https:\/\/clubnatacionboadilla.es\/index.php?rest_route=%2Fwp%2Fv2%2Fcomments&post=2770"}],"version-history":[{"count":65,"href":"https:\/\/clubnatacionboadilla.es\/index.php?rest_route=\/wp\/v2\/pages\/2770\/revisions"}],"predecessor-version":[{"id":7605,"href":"https:\/\/clubnatacionboadilla.es\/index.php?rest_route=\/wp\/v2\/pages\/2770\/revisions\/7605"}],"up":[{"embeddable":true,"href":"https:\/\/clubnatacionboadilla.es\/index.php?rest_route=\/wp\/v2\/pages\/5644"}],"wp:attachment":[{"href":"https:\/\/clubnatacionboadilla.es\/index.php?rest_route=%2Fwp%2Fv2%2Fmedia&parent=2770"}],"curies":[{"name":"wp","href":"https:\/\/api.w.org\/{rel}","templated":true}]}}