{"id":2766,"date":"2012-05-20T18:20:53","date_gmt":"2012-05-20T17:20:53","guid":{"rendered":"http:\/\/clubnatacionboadilla.es\/?page_id=2766"},"modified":"2025-09-26T10:41:18","modified_gmt":"2025-09-26T09:41:18","slug":"contacto","status":"publish","type":"page","link":"https:\/\/clubnatacionboadilla.es\/?page_id=2766","title":{"rendered":"Contacto"},"content":{"rendered":"<p style=\"text-align: justify;\"><span style=\"color: #ffffff;\">Para ponerte en contacto con nosotros puedes enviarnos un e-mail a la siguiente direcci\u00f3n:<\/span><\/p>\n<p style=\"padding-left: 30px;\"><span style=\"color: #0000ff;\"><a href=\"mailto:secretaria@clubnatacionboadilla.es\">secretaria@clubnatacionboadilla.es<\/a><\/span><br \/>\n<span style=\"color: #2e5fb8;\">.<\/span><\/p>\n<p style=\"text-align: justify;\"><span style=\"color: #ffffff;\">Si quieres conocer a nuestros patrocinadores y a los organismos e instituciones que colaboran con nosotros pincha aqu\u00ed:<\/span><\/p>\n<p style=\"padding-left: 30px;\"><span style=\"color: #0000ff;\"><a href=\"http:\/\/clubnatacionboadilla.es\/?page_id=5613\">Colaboradores<\/a><\/span><br \/>\n<span style=\"color: #2e5fb8;\">.<\/span><\/p>\n<p style=\"text-align: justify;\"><span style=\"color: #ffffff;\">Si tienes un negocio y est\u00e1s interesado en patrocinarnos, o conoces a alguien que pudiera estarlo, pincha aqu\u00ed para descargar nuestro dossier actualizado:<\/span><\/p>\n<p style=\"padding-left: 30px;\"><span style=\"color: #0000ff;\"><a href=\"http:\/\/clubnatacionboadilla.es\/wordpress\/wp-content\/uploads\/2025\/09\/dossier-2526-v1.1.pdf\" target=\"_blank\" rel=\"noopener noreferrer\">Dossier Patrocinio<\/a><\/span><\/p>\n<p><span style=\"color: #2e5fb8;\">.<\/span><\/p>\n<p style=\"text-align: justify;\"><span style=\"color: #ffffff;\">S\u00edguenos en redes sociales para estar al d\u00eda de la actualidad del club:<\/span><\/p>\n<p style=\"padding-left: 30px;\"><a href=\"http:\/\/x.com\/cnboadilla\" target=\"_blank\" rel=\"noopener noreferrer\">Twitter<\/a><\/p>\n<p style=\"padding-left: 30px;\"><a href=\"http:\/\/instagram.com\/cnboadilla\" target=\"_blank\" rel=\"noopener noreferrer\">Instagram<\/a><\/p>\n<p style=\"padding-left: 30px;\"><a href=\"http:\/\/tiktok.com\/@cdnboadilla\" target=\"_blank\" rel=\"noopener noreferrer\">TikTok<\/a><\/p>\n<p><span style=\"color: #2e5fb8;\">.<\/span><\/p>\n<p><a href=\"http:\/\/clubnatacionboadilla.es\/?page_id=1581\"><img decoding=\"async\" loading=\"lazy\" class=\"aligncenter size-full wp-image-6600\" src=\"http:\/\/clubnatacionboadilla.es\/wordpress\/wp-content\/uploads\/2025\/03\/CONT-foto.jpg\" alt=\"\" width=\"1000\" height=\"326\"><\/a><\/p>\n","protected":false},"excerpt":{"rendered":"<p>Para ponerte en contacto con nosotros puedes enviarnos un e-mail a la siguiente direcci\u00f3n: secretaria@clubnatacionboadilla.es . Si quieres conocer a nuestros patrocinadores y a los organismos e instituciones que colaboran con nosotros pincha aqu\u00ed: Colaboradores . Si tienes un negocio y est\u00e1s interesado en patrocinarnos, o conoces a alguien que pudiera estarlo, pincha aqu\u00ed para [&hellip;]<\/p>\n","protected":false},"author":20,"featured_media":0,"parent":0,"menu_order":2,"comment_status":"closed","ping_status":"closed","template":"","meta":[],"_links":{"self":[{"href":"https:\/\/clubnatacionboadilla.es\/index.php?rest_route=\/wp\/v2\/pages\/2766"}],"collection":[{"href":"https:\/\/clubnatacionboadilla.es\/index.php?rest_route=\/wp\/v2\/pages"}],"about":[{"href":"https:\/\/clubnatacionboadilla.es\/index.php?rest_route=\/wp\/v2\/types\/page"}],"author":[{"embeddable":true,"href":"https:\/\/clubnatacionboadilla.es\/index.php?rest_route=\/wp\/v2\/users\/20"}],"replies":[{"embeddable":true,"href":"https:\/\/clubnatacionboadilla.es\/index.php?rest_route=%2Fwp%2Fv2%2Fcomments&post=2766"}],"version-history":[{"count":32,"href":"https:\/\/clubnatacionboadilla.es\/index.php?rest_route=\/wp\/v2\/pages\/2766\/revisions"}],"predecessor-version":[{"id":7602,"href":"https:\/\/clubnatacionboadilla.es\/index.php?rest_route=\/wp\/v2\/pages\/2766\/revisions\/7602"}],"wp:attachment":[{"href":"https:\/\/clubnatacionboadilla.es\/index.php?rest_route=%2Fwp%2Fv2%2Fmedia&parent=2766"}],"curies":[{"name":"wp","href":"https:\/\/api.w.org\/{rel}","templated":true}]}}