{"id":260,"date":"2010-05-29T14:28:42","date_gmt":"2010-05-29T13:28:42","guid":{"rendered":"http:\/\/clubnatacionboadilla.es\/?page_id=260"},"modified":"2025-03-20T10:20:51","modified_gmt":"2025-03-20T09:20:51","slug":"informacion-escuela-iniciacion-a-la-competicion","status":"publish","type":"page","link":"https:\/\/clubnatacionboadilla.es\/?page_id=260","title":{"rendered":"Escuela de Iniciaci\u00f3n a la Competici\u00f3n (EIC)"},"content":{"rendered":"<p style=\"text-align: justify;\"><span style=\"color: #ffffff;\">El Club Deportivo Nataci\u00f3n Boadilla te ofrece la posibilidad de iniciarte en la nataci\u00f3n y el waterpolo a trav\u00e9s de su<\/span> <strong><span style=\"color: #ffff00;\">Escuela de Iniciaci\u00f3n a la Competici\u00f3n<\/span><\/strong><span style=\"color: #ffffff;\">, as\u00ed que si tienes entre 7 y 11 a\u00f1os y el agua es tu medio no dudes en venir a hacer una <a href=\"https:\/\/clubnatacionboadilla.es\/?page_id=5640\">prueba de nivel<\/a> y unirte a nosotros.<\/span><\/p>\n<p style=\"text-align: justify;\"><span style=\"color: #ffffff;\">Entrenamos de octubre a junio, realizando tres o cuatro sesiones semanales (en funci\u00f3n de la edad del deportista) en la que nuestros t\u00e9cnicos conseguir\u00e1n que desarrolles tus habilidades acu\u00e1ticas y te inicies en el deporte de competici\u00f3n (nataci\u00f3n y waterpolo) a trav\u00e9s del juego.<\/span><\/p>\n<p style=\"text-align: justify;\"><span style=\"color: #ffffff;\">Adem\u00e1s, tenemos un grupo para los m\u00e1s \u00ab<em>pezque\u00f1ines<\/em>\u00bb (desde 5 a\u00f1os) que realiza una \u00fanica sesi\u00f3n semanal los viernes por la tarde para ir familiariz\u00e1ndose con el medio acu\u00e1tico en compa\u00f1\u00eda de nuestros entrenadores.<\/span><\/p>\n<p><span style=\"color: #ffffff;\">\u00a1Te esperamos!<\/span><\/p>\n<h5 style=\"padding-left: 30px;\"><a href=\"https:\/\/clubnatacionboadilla.es\/?page_id=6222\">Documentaci\u00f3n EIC<\/a><\/h5>\n<p><span style=\"color: #2e5fb8;\">.<\/span><br \/>\n<a href=\"https:\/\/clubnatacionboadilla.es\/?page_id=1581\"><img decoding=\"async\" loading=\"lazy\" class=\"aligncenter size-full wp-image-6600\" src=\"http:\/\/clubnatacionboadilla.es\/wordpress\/wp-content\/uploads\/2025\/03\/EIC-nat-wp.jpg\" alt=\"\" width=\"1000\" height=\"326\"><\/a><\/p>\n","protected":false},"excerpt":{"rendered":"<p>El Club Deportivo Nataci\u00f3n Boadilla te ofrece la posibilidad de iniciarte en la nataci\u00f3n y el waterpolo a trav\u00e9s de su Escuela de Iniciaci\u00f3n a la Competici\u00f3n, as\u00ed que si tienes entre 7 y 11 a\u00f1os y el agua es tu medio no dudes en venir a hacer una prueba de nivel y unirte a [&hellip;]<\/p>\n","protected":false},"author":7,"featured_media":0,"parent":5644,"menu_order":2,"comment_status":"closed","ping_status":"closed","template":"","meta":[],"_links":{"self":[{"href":"https:\/\/clubnatacionboadilla.es\/index.php?rest_route=\/wp\/v2\/pages\/260"}],"collection":[{"href":"https:\/\/clubnatacionboadilla.es\/index.php?rest_route=\/wp\/v2\/pages"}],"about":[{"href":"https:\/\/clubnatacionboadilla.es\/index.php?rest_route=\/wp\/v2\/types\/page"}],"author":[{"embeddable":true,"href":"https:\/\/clubnatacionboadilla.es\/index.php?rest_route=\/wp\/v2\/users\/7"}],"replies":[{"embeddable":true,"href":"https:\/\/clubnatacionboadilla.es\/index.php?rest_route=%2Fwp%2Fv2%2Fcomments&post=260"}],"version-history":[{"count":86,"href":"https:\/\/clubnatacionboadilla.es\/index.php?rest_route=\/wp\/v2\/pages\/260\/revisions"}],"predecessor-version":[{"id":7578,"href":"https:\/\/clubnatacionboadilla.es\/index.php?rest_route=\/wp\/v2\/pages\/260\/revisions\/7578"}],"up":[{"embeddable":true,"href":"https:\/\/clubnatacionboadilla.es\/index.php?rest_route=\/wp\/v2\/pages\/5644"}],"wp:attachment":[{"href":"https:\/\/clubnatacionboadilla.es\/index.php?rest_route=%2Fwp%2Fv2%2Fmedia&parent=260"}],"curies":[{"name":"wp","href":"https:\/\/api.w.org\/{rel}","templated":true}]}}