{"id":1581,"date":"2011-09-05T18:49:19","date_gmt":"2011-09-05T17:49:19","guid":{"rendered":"http:\/\/clubnatacionboadilla.es\/?page_id=1581"},"modified":"2025-09-26T10:25:29","modified_gmt":"2025-09-26T09:25:29","slug":"estatutos-del-club","status":"publish","type":"page","link":"https:\/\/clubnatacionboadilla.es\/?page_id=1581","title":{"rendered":"El Club"},"content":{"rendered":"<p><span style=\"color: #ffff00;\"><strong>Club Deportivo Nataci\u00f3n Boadilla: <em>formando personas a trav\u00e9s del deporte<\/em><\/strong><\/span><br \/>\n<span style=\"color: #ffffff;\">Si quieres conocer algo m\u00e1s acerca del funcionamiento del club te ofrecemos la siguiente informaci\u00f3n:<\/span><\/p>\n<h5 style=\"padding-left: 30px;\"><a href=\"https:\/\/clubnatacionboadilla.es\/wordpress\/wp-content\/uploads\/2025\/03\/CDNB_presentacion-2024.pdf\" target=\"_blank\" rel=\"noopener noreferrer\">Presentaci\u00f3n<\/a><\/h5>\n<h5 style=\"padding-left: 30px;\"><a href=\"https:\/\/clubnatacionboadilla.es\/?page_id=5610\">Qui\u00e9nes somos<\/a><\/h5>\n<h5 style=\"padding-left: 30px;\"><a href=\"https:\/\/clubnatacionboadilla.es\/?page_id=5613\">Colaboradores<\/a><\/h5>\n<h5 style=\"padding-left: 30px;\"><a href=\"https:\/\/clubnatacionboadilla.es\/wordpress\/wp-content\/uploads\/2025\/09\/dossier-2526-v1.1.pdf\" target=\"_blank\" rel=\"noopener noreferrer\">Dossier Patrocinio<\/a><\/h5>\n<h5 style=\"padding-left: 30px;\"><a href=\"https:\/\/clubnatacionboadilla.es\/wordpress\/wp-content\/uploads\/2011\/09\/Estatutos-Club-Natacion-Boadilla.pdf\" target=\"_blank\" rel=\"noopener noreferrer\">Estatutos CD Nataci\u00f3n Boadilla<\/a><\/h5>\n<h5 style=\"padding-left: 30px;\"><a href=\"https:\/\/clubnatacionboadilla.es\/wordpress\/wp-content\/uploads\/2010\/06\/Normas-de-Conducta-y-Reglamento-Interno-CN-Boadilla.pdf\" target=\"_blank\" rel=\"noopener noreferrer\">Normas de Conducta y Reglamento de R\u00e9gimen Interno<\/a><\/h5>\n<h5 style=\"padding-left: 30px;\"><a href=\"https:\/\/twitter.com\/cnboadilla\" target=\"_blank\" rel=\"noopener noreferrer\">S\u00edguenos en Twitter<\/a><\/h5>\n<h5 style=\"padding-left: 30px;\"><a href=\"https:\/\/instagram.com\/cnboadilla\" target=\"_blank\" rel=\"noopener noreferrer\">S\u00edguenos en Instagram<\/a><\/h5>\n<h5 style=\"padding-left: 30px;\"><a href=\"https:\/\/tiktok.com\/@cdnboadilla\" target=\"_blank\" rel=\"noopener noreferrer\">S\u00edguenos en TikTok<\/a><\/h5>\n<h5 style=\"padding-left: 30px;\"><a href=\"https:\/\/clubnatacionboadilla.es\/?page_id=5644\">Ap\u00fantate<\/a><\/h5>\n<p><span style=\"color: #2e5fb8;\">.<\/span><br \/>\n<a href=\"https:\/\/clubnatacionboadilla.es\/?page_id=1581\"><img decoding=\"async\" loading=\"lazy\" class=\"aligncenter size-full wp-image-6600\" src=\"http:\/\/clubnatacionboadilla.es\/wordpress\/wp-content\/uploads\/2025\/03\/CLUB-foto.jpg\" alt=\"\" width=\"1000\" height=\"326\"><\/a><\/p>\n","protected":false},"excerpt":{"rendered":"<p>Club Deportivo Nataci\u00f3n Boadilla: formando personas a trav\u00e9s del deporte Si quieres conocer algo m\u00e1s acerca del funcionamiento del club te ofrecemos la siguiente informaci\u00f3n: Presentaci\u00f3n Qui\u00e9nes somos Colaboradores Dossier Patrocinio Estatutos CD Nataci\u00f3n Boadilla Normas de Conducta y Reglamento de R\u00e9gimen Interno S\u00edguenos en Twitter S\u00edguenos en Instagram S\u00edguenos en TikTok Ap\u00fantate .<\/p>\n","protected":false},"author":7,"featured_media":0,"parent":0,"menu_order":0,"comment_status":"closed","ping_status":"closed","template":"","meta":[],"_links":{"self":[{"href":"https:\/\/clubnatacionboadilla.es\/index.php?rest_route=\/wp\/v2\/pages\/1581"}],"collection":[{"href":"https:\/\/clubnatacionboadilla.es\/index.php?rest_route=\/wp\/v2\/pages"}],"about":[{"href":"https:\/\/clubnatacionboadilla.es\/index.php?rest_route=\/wp\/v2\/types\/page"}],"author":[{"embeddable":true,"href":"https:\/\/clubnatacionboadilla.es\/index.php?rest_route=\/wp\/v2\/users\/7"}],"replies":[{"embeddable":true,"href":"https:\/\/clubnatacionboadilla.es\/index.php?rest_route=%2Fwp%2Fv2%2Fcomments&post=1581"}],"version-history":[{"count":71,"href":"https:\/\/clubnatacionboadilla.es\/index.php?rest_route=\/wp\/v2\/pages\/1581\/revisions"}],"predecessor-version":[{"id":7597,"href":"https:\/\/clubnatacionboadilla.es\/index.php?rest_route=\/wp\/v2\/pages\/1581\/revisions\/7597"}],"wp:attachment":[{"href":"https:\/\/clubnatacionboadilla.es\/index.php?rest_route=%2Fwp%2Fv2%2Fmedia&parent=1581"}],"curies":[{"name":"wp","href":"https:\/\/api.w.org\/{rel}","templated":true}]}}