{"id":6598,"date":"2018-06-14T00:23:00","date_gmt":"2018-06-13T23:23:00","guid":{"rendered":"http:\/\/clubnatacionboadilla.es\/?page_id=6598"},"modified":"2018-06-15T23:54:07","modified_gmt":"2018-06-15T22:54:07","slug":"ceifc-2018-cartel-del-campeonato","status":"publish","type":"page","link":"http:\/\/clubnatacionboadilla.es\/?page_id=6598","title":{"rendered":"CEIFC 2018 &#8211; Cartel del campeonato"},"content":{"rendered":"<p><span style=\"color: #ffff00;\"><strong><em>CAMPEONATO DE ESPA\u00d1A DE WATERPOLO INFANTIL FEMENINO POR CLUBES 2018<\/em><\/strong><\/span><br \/>\n<span style=\"color: #2e5fb8;\">.<\/span><\/p>\n<p style=\"text-align: justify;\"><span style=\"color: #ffffff;\">Os presentamos el cartel del campeonato. Para su dise\u00f1o hemos editado una fotograf\u00eda original de una de nuestras jugadoras tomada por <a href=\"http:\/\/waterpolofotos.blogspot.com\/\" target=\"_blank\" rel=\"noopener noreferrer\">Quint\u00edn Garc\u00eda<\/a>, a quien agradecemos enormemente que nos la haya cedido de manera totalmente altru\u00edsta.<\/span><\/p>\n<p><a href=\"http:\/\/clubnatacionboadilla.es\/wordpress\/wp-content\/uploads\/2018\/06\/cartel-A5.jpg\" target=\"_blank\"><img decoding=\"async\" loading=\"lazy\" src=\"http:\/\/clubnatacionboadilla.es\/wordpress\/wp-content\/uploads\/2018\/06\/cartel-A5.jpg\" alt=\"\" width=\"500\" height=\"707\" class=\"aligncenter size-full wp-image-6600\" \/><\/a><\/p>\n","protected":false},"excerpt":{"rendered":"<p>CAMPEONATO DE ESPA\u00d1A DE WATERPOLO INFANTIL FEMENINO POR CLUBES 2018 . Os presentamos el cartel del campeonato. Para su dise\u00f1o hemos editado una fotograf\u00eda original de una de nuestras jugadoras tomada por Quint\u00edn Garc\u00eda, a quien agradecemos enormemente que nos la haya cedido de manera totalmente altru\u00edsta.<\/p>\n","protected":false},"author":20,"featured_media":0,"parent":6521,"menu_order":1,"comment_status":"closed","ping_status":"closed","template":"","meta":[],"_links":{"self":[{"href":"http:\/\/clubnatacionboadilla.es\/index.php?rest_route=\/wp\/v2\/pages\/6598"}],"collection":[{"href":"http:\/\/clubnatacionboadilla.es\/index.php?rest_route=\/wp\/v2\/pages"}],"about":[{"href":"http:\/\/clubnatacionboadilla.es\/index.php?rest_route=\/wp\/v2\/types\/page"}],"author":[{"embeddable":true,"href":"http:\/\/clubnatacionboadilla.es\/index.php?rest_route=\/wp\/v2\/users\/20"}],"replies":[{"embeddable":true,"href":"http:\/\/clubnatacionboadilla.es\/index.php?rest_route=%2Fwp%2Fv2%2Fcomments&post=6598"}],"version-history":[{"count":10,"href":"http:\/\/clubnatacionboadilla.es\/index.php?rest_route=\/wp\/v2\/pages\/6598\/revisions"}],"predecessor-version":[{"id":6622,"href":"http:\/\/clubnatacionboadilla.es\/index.php?rest_route=\/wp\/v2\/pages\/6598\/revisions\/6622"}],"up":[{"embeddable":true,"href":"http:\/\/clubnatacionboadilla.es\/index.php?rest_route=\/wp\/v2\/pages\/6521"}],"wp:attachment":[{"href":"http:\/\/clubnatacionboadilla.es\/index.php?rest_route=%2Fwp%2Fv2%2Fmedia&parent=6598"}],"curies":[{"name":"wp","href":"https:\/\/api.w.org\/{rel}","templated":true}]}}