{"id":6573,"date":"2018-06-08T00:27:17","date_gmt":"2018-06-07T23:27:17","guid":{"rendered":"http:\/\/clubnatacionboadilla.es\/?page_id=6573"},"modified":"2018-12-25T11:52:37","modified_gmt":"2018-12-25T10:52:37","slug":"ceifc-2018-calendario-de-competicion","status":"publish","type":"page","link":"http:\/\/clubnatacionboadilla.es\/?page_id=6573","title":{"rendered":"CEIFC 2018 &#8211; Calendario de competici\u00f3n"},"content":{"rendered":"<p><span style=\"color: #ffff00;\"><strong><em>CAMPEONATO DE ESPA\u00d1A DE WATERPOLO INFANTIL FEMENINO POR CLUBES 2018<\/em><\/strong><\/span><br \/>\n<span style=\"color: #2e5fb8;\">.<\/span><\/p>\n<p style=\"text-align: justify;\"><span style=\"color: #ffffff;\">El pasado mi\u00e9rcoles 6 de junio el \u00c1rea de Waterpolo RFEN public\u00f3 el calendario provisional del campeonato. Cuando se publique el calendario definitivo os facilitaremos el enlace al mismo.<\/span><\/p>\n<h5 style=\"padding-left: 30px;\"><a href=\"http:\/\/www.rfen.es\/publicacion\/userfiles\/Campeonato%20INF%20fem%202018.pdf\" target=\"_blank\">Calendario provisional CEIFC 2018<\/a><\/h5>\n<h5 style=\"padding-left: 30px;\"><a href=\"https:\/\/rfen.es\/es\/tournament\/640613\/summary\" target=\"_blank\">Calendario definitivo CEIFC 2018<\/a><\/h5>\n","protected":false},"excerpt":{"rendered":"<p>CAMPEONATO DE ESPA\u00d1A DE WATERPOLO INFANTIL FEMENINO POR CLUBES 2018 . El pasado mi\u00e9rcoles 6 de junio el \u00c1rea de Waterpolo RFEN public\u00f3 el calendario provisional del campeonato. Cuando se publique el calendario definitivo os facilitaremos el enlace al mismo. Calendario provisional CEIFC 2018 Calendario definitivo CEIFC 2018<\/p>\n","protected":false},"author":20,"featured_media":0,"parent":6521,"menu_order":7,"comment_status":"closed","ping_status":"closed","template":"","meta":[],"_links":{"self":[{"href":"http:\/\/clubnatacionboadilla.es\/index.php?rest_route=\/wp\/v2\/pages\/6573"}],"collection":[{"href":"http:\/\/clubnatacionboadilla.es\/index.php?rest_route=\/wp\/v2\/pages"}],"about":[{"href":"http:\/\/clubnatacionboadilla.es\/index.php?rest_route=\/wp\/v2\/types\/page"}],"author":[{"embeddable":true,"href":"http:\/\/clubnatacionboadilla.es\/index.php?rest_route=\/wp\/v2\/users\/20"}],"replies":[{"embeddable":true,"href":"http:\/\/clubnatacionboadilla.es\/index.php?rest_route=%2Fwp%2Fv2%2Fcomments&post=6573"}],"version-history":[{"count":5,"href":"http:\/\/clubnatacionboadilla.es\/index.php?rest_route=\/wp\/v2\/pages\/6573\/revisions"}],"predecessor-version":[{"id":6705,"href":"http:\/\/clubnatacionboadilla.es\/index.php?rest_route=\/wp\/v2\/pages\/6573\/revisions\/6705"}],"up":[{"embeddable":true,"href":"http:\/\/clubnatacionboadilla.es\/index.php?rest_route=\/wp\/v2\/pages\/6521"}],"wp:attachment":[{"href":"http:\/\/clubnatacionboadilla.es\/index.php?rest_route=%2Fwp%2Fv2%2Fmedia&parent=6573"}],"curies":[{"name":"wp","href":"https:\/\/api.w.org\/{rel}","templated":true}]}}