{"id":6566,"date":"2018-06-08T00:08:12","date_gmt":"2018-06-07T23:08:12","guid":{"rendered":"http:\/\/clubnatacionboadilla.es\/?page_id=6566"},"modified":"2018-06-14T00:42:32","modified_gmt":"2018-06-13T23:42:32","slug":"6566-2","status":"publish","type":"page","link":"http:\/\/clubnatacionboadilla.es\/?page_id=6566","title":{"rendered":"CEIFC 2018 &#8211; Clubes participantes"},"content":{"rendered":"<p><span style=\"color: #ffff00;\"><strong><em>CAMPEONATO DE ESPA\u00d1A DE WATERPOLO INFANTIL FEMENINO POR CLUBES 2018<\/em><\/strong><\/span><br \/>\n<span style=\"color: #2e5fb8;\">.<\/span><\/p>\n<p style=\"text-align: justify;\"><span style=\"color: #ffffff;\">Conoce los 12 clubes que participar\u00e1n en el campeonato:<\/span><\/p>\n<h5 style=\"padding-left: 30px;\"><a href=\"http:\/\/www.cnmataro.cat\/seccions-esportives\/waterpolo.html\" target=\"_blank\">Centre Nataci\u00f3 Matar\u00f3<\/a><\/h5>\n<h5 style=\"padding-left: 30px;\"><a href=\"http:\/\/www.somelmedi.com\/seccio-esportiva\/waterpolo-femeni\/\" target=\"_blank\">Club Esporti\u00fa Mediterrani<\/a><\/h5>\n<h5 style=\"padding-left: 30px;\"><a href=\"http:\/\/clubnatacioterrassa.cat\/les-seccions-del-club\/seccio-de-waterpolo\/\" target=\"_blank\">Club Nataci\u00f3 Terrassa<\/a><\/h5>\n<h5 style=\"padding-left: 30px;\"><a href=\"http:\/\/waterpoloelche.blogspot.com\/\" target=\"_blank\">Club Waterpolo Elx<\/a><\/h5>\n<h5 style=\"padding-left: 30px;\"><a href=\"http:\/\/www.waterpolomorvedre.es\/wp\/secciones\/waterpolo\/\" target=\"_blank\">Club Waterpolo Morvedre<\/a><\/h5>\n<h5 style=\"padding-left: 30px;\"><a href=\"http:\/\/www.waterpolo2h.com\/\" target=\"_blank\">Club Waterpolo Dos Hermanas<\/a><\/h5>\n<h5 style=\"padding-left: 30px;\"><a href=\"http:\/\/www.leioawaterpolo.com\/\" target=\"_blank\">Leoia Igeri Taldea<\/a><\/h5>\n<h5 style=\"padding-left: 30px;\"><a href=\"http:\/\/www.ewzaragoza.es\/\" target=\"_blank\">Escuela Waterpolo Zaragoza<\/a><\/h5>\n<h5 style=\"padding-left: 30px;\"><a href=\"http:\/\/natacionbrains.com\/waterpolo\/\" target=\"_blank\">Colegio Brains<\/a><\/h5>\n<h5 style=\"padding-left: 30px;\"><a href=\"http:\/\/www.realcanoe.es\/waterpolo-canoe.html\" target=\"_blank\">Real Canoe Nataci\u00f3n Club<\/a><\/h5>\n<h5 style=\"padding-left: 30px;\"><a href=\"http:\/\/www.cnciudadalcorcon.es\/index.php?pagina=waterpolo\" target=\"_blank\">Club Nataci\u00f3n Ciudad de Alcorc\u00f3n<\/a><\/h5>\n<h5 style=\"padding-left: 30px;\"><a href=\"http:\/\/clubnatacionboadilla.es\/\" target=\"_blank\">Club Deportivo Nataci\u00f3n Boadilla<\/a><\/h5>\n","protected":false},"excerpt":{"rendered":"<p>CAMPEONATO DE ESPA\u00d1A DE WATERPOLO INFANTIL FEMENINO POR CLUBES 2018 . Conoce los 12 clubes que participar\u00e1n en el campeonato: Centre Nataci\u00f3 Matar\u00f3 Club Esporti\u00fa Mediterrani Club Nataci\u00f3 Terrassa Club Waterpolo Elx Club Waterpolo Morvedre Club Waterpolo Dos Hermanas Leoia Igeri Taldea Escuela Waterpolo Zaragoza Colegio Brains Real Canoe Nataci\u00f3n Club Club Nataci\u00f3n Ciudad de [&hellip;]<\/p>\n","protected":false},"author":20,"featured_media":0,"parent":6521,"menu_order":5,"comment_status":"closed","ping_status":"closed","template":"","meta":[],"_links":{"self":[{"href":"http:\/\/clubnatacionboadilla.es\/index.php?rest_route=\/wp\/v2\/pages\/6566"}],"collection":[{"href":"http:\/\/clubnatacionboadilla.es\/index.php?rest_route=\/wp\/v2\/pages"}],"about":[{"href":"http:\/\/clubnatacionboadilla.es\/index.php?rest_route=\/wp\/v2\/types\/page"}],"author":[{"embeddable":true,"href":"http:\/\/clubnatacionboadilla.es\/index.php?rest_route=\/wp\/v2\/users\/20"}],"replies":[{"embeddable":true,"href":"http:\/\/clubnatacionboadilla.es\/index.php?rest_route=%2Fwp%2Fv2%2Fcomments&post=6566"}],"version-history":[{"count":8,"href":"http:\/\/clubnatacionboadilla.es\/index.php?rest_route=\/wp\/v2\/pages\/6566\/revisions"}],"predecessor-version":[{"id":6611,"href":"http:\/\/clubnatacionboadilla.es\/index.php?rest_route=\/wp\/v2\/pages\/6566\/revisions\/6611"}],"up":[{"embeddable":true,"href":"http:\/\/clubnatacionboadilla.es\/index.php?rest_route=\/wp\/v2\/pages\/6521"}],"wp:attachment":[{"href":"http:\/\/clubnatacionboadilla.es\/index.php?rest_route=%2Fwp%2Fv2%2Fmedia&parent=6566"}],"curies":[{"name":"wp","href":"https:\/\/api.w.org\/{rel}","templated":true}]}}