{"id":6559,"date":"2018-06-07T23:55:09","date_gmt":"2018-06-07T22:55:09","guid":{"rendered":"http:\/\/clubnatacionboadilla.es\/?page_id=6559"},"modified":"2018-06-14T00:07:30","modified_gmt":"2018-06-13T23:07:30","slug":"ceifc-2018-bienvenidos","status":"publish","type":"page","link":"http:\/\/clubnatacionboadilla.es\/?page_id=6559","title":{"rendered":"CEIFC 2018 &#8211; \u00a1Bienvenidos!"},"content":{"rendered":"<p><span style=\"color: #ffff00;\"><strong><em><\/a>CAMPEONATO DE ESPA\u00d1A DE WATERPOLO INFANTIL FEMENINO POR CLUBES 2018<\/em><\/strong><\/span><br \/>\n<span style=\"color: #2e5fb8;\">.<\/span><\/p>\n<p style=\"text-align: justify;\"><span style=\"color: #ffffff;\">La Junta Directiva del Club Deportivo Nataci\u00f3n Boadilla, en representaci\u00f3n de todos los que formamos parte de esta peque\u00f1a gran familia, os da la bienvenida al Campeonato de Espa\u00f1a Infantil Femenino por Clubes 2018 que se celebrar\u00e1 en Madrid desde el viernes 29 de junio al domingo 1 de julio.<\/span><\/p>\n<p style=\"text-align: justify;\"><span style=\"color: #ffffff;\">Durante tres d\u00edas nuestro club acoger\u00e1 a 180 deportistas de doce clubes provenientes de seis federaciones territoriales que vendr\u00e1n con sus mochilas repletas de ilusi\u00f3n a disputar un torneo que estamos seguros ser\u00e1 un \u00e9xito y dejar\u00e1 un grato recuerdo en todas ellas.<\/span><\/p>\n<p style=\"text-align: justify;\"><span style=\"color: #ffffff;\">Desde el CDNB queremos agradecer a la Real Federaci\u00f3n Espa\u00f1ola de Nataci\u00f3n la confianza depositada en nuestra entidad para asumir el honor y la responsabilidad de organizar este evento, y estamos seguros de que estaremos a la altura de las expectativas.<\/span><\/p>\n<p style=\"text-align: justify;\"><span style=\"color: #ffffff;\">Tras haber participado de manera ininterrumpida en campeonatos de Espa\u00f1a femeninos desde 2013, y haber organizado en 2014 el Campeonato de Espa\u00f1a de Segunda Divisi\u00f3n Femenina, \u00e9sta ser\u00e1 la primera ocasi\u00f3n en que asumamos el rol de organizadores de un campeonato de categor\u00edas y lo hacemos con tremenda ilusi\u00f3n y con la inestimable ayuda de la Federaci\u00f3n Madrile\u00f1a de Nataci\u00f3n.<\/span><\/p>\n<p style=\"text-align: justify;\"><span style=\"color: #ffffff;\">Es de agradecer el grado de implicaci\u00f3n de la FMN, que se ha volcado en ayudarnos desde el primer minuto, colaborando con la log\u00edstica del campeonato y cedi\u00e9ndonos para la ocasi\u00f3n una de las mejores instalaciones acu\u00e1ticas de Espa\u00f1a: el Centro de Nataci\u00f3n M-86. Un marco espectacular para un fin de semana de waterpolo en estado puro.<\/span><\/p>\n<p style=\"text-align: justify;\"><span style=\"color: #ffffff;\">Nuestra aspiraci\u00f3n es que todas las deportistas, sus t\u00e9cnicos, sus familiares, los \u00e1rbitros y delegados designados por el Comit\u00e9 Nacional de \u00c1rbitros, y por supuesto todos los aficionados y amantes de nuestro deporte que vengan a ver los partidos, disfruten la experiencia y valoren el cari\u00f1o e ilusi\u00f3n que estamos poniendo para que todo salga a pedir de boca.<\/span><\/p>\n<p style=\"text-align: justify;\"><span style=\"color: #ffffff;\">Estamos preparados para recibiros y haceros sentir como en casa, mostr\u00e1ndoos el cari\u00f1o que ponemos en todo lo que hacemos. \u00a1Bienvenidos!<\/span><\/p>\n","protected":false},"excerpt":{"rendered":"<p>CAMPEONATO DE ESPA\u00d1A DE WATERPOLO INFANTIL FEMENINO POR CLUBES 2018 . La Junta Directiva del Club Deportivo Nataci\u00f3n Boadilla, en representaci\u00f3n de todos los que formamos parte de esta peque\u00f1a gran familia, os da la bienvenida al Campeonato de Espa\u00f1a Infantil Femenino por Clubes 2018 que se celebrar\u00e1 en Madrid desde el viernes 29 de [&hellip;]<\/p>\n","protected":false},"author":20,"featured_media":0,"parent":6521,"menu_order":0,"comment_status":"closed","ping_status":"closed","template":"","meta":[],"_links":{"self":[{"href":"http:\/\/clubnatacionboadilla.es\/index.php?rest_route=\/wp\/v2\/pages\/6559"}],"collection":[{"href":"http:\/\/clubnatacionboadilla.es\/index.php?rest_route=\/wp\/v2\/pages"}],"about":[{"href":"http:\/\/clubnatacionboadilla.es\/index.php?rest_route=\/wp\/v2\/types\/page"}],"author":[{"embeddable":true,"href":"http:\/\/clubnatacionboadilla.es\/index.php?rest_route=\/wp\/v2\/users\/20"}],"replies":[{"embeddable":true,"href":"http:\/\/clubnatacionboadilla.es\/index.php?rest_route=%2Fwp%2Fv2%2Fcomments&post=6559"}],"version-history":[{"count":5,"href":"http:\/\/clubnatacionboadilla.es\/index.php?rest_route=\/wp\/v2\/pages\/6559\/revisions"}],"predecessor-version":[{"id":6588,"href":"http:\/\/clubnatacionboadilla.es\/index.php?rest_route=\/wp\/v2\/pages\/6559\/revisions\/6588"}],"up":[{"embeddable":true,"href":"http:\/\/clubnatacionboadilla.es\/index.php?rest_route=\/wp\/v2\/pages\/6521"}],"wp:attachment":[{"href":"http:\/\/clubnatacionboadilla.es\/index.php?rest_route=%2Fwp%2Fv2%2Fmedia&parent=6559"}],"curies":[{"name":"wp","href":"https:\/\/api.w.org\/{rel}","templated":true}]}}