{"id":6547,"date":"2018-06-07T13:39:43","date_gmt":"2018-06-07T12:39:43","guid":{"rendered":"http:\/\/clubnatacionboadilla.es\/?page_id=6547"},"modified":"2018-06-15T23:55:54","modified_gmt":"2018-06-15T22:55:54","slug":"ceifc-2018-alojamiento","status":"publish","type":"page","link":"http:\/\/clubnatacionboadilla.es\/?page_id=6547","title":{"rendered":"CEIFC 2018 &#8211; Alojamiento"},"content":{"rendered":"<p><span style=\"color: #ffff00;\"><strong><em>CAMPEONATO DE ESPA\u00d1A DE WATERPOLO INFANTIL FEMENINO POR CLUBES 2018<\/em><\/strong><\/span><br \/>\n<span style=\"color: #2e5fb8;\">.<\/span><\/p>\n<p style=\"text-align: justify;\"><span style=\"color: #ffffff;\">La Real Federaci\u00f3n Espa\u00f1ola de Nataci\u00f3n, por mediaci\u00f3n de la agencia colaboradora Halc\u00f3n Viajes, pone a disposici\u00f3n de los clubes participantes y sus familiares este bolet\u00edn informativo de alojamiento:<\/span><\/p>\n<p><span style=\"color: #2e5fb8;\">.<\/span><br \/>\n<span style=\"color: #ffff00;\"><a style=\"color: #ffff00;\" href=\"http:\/\/www.rfen.es\/publicacion\/userfiles\/40-%20BOLETIN%20MADRID%2029%20JUN-01%20JULIO%202018.pdf\" target=\"_blank\">Bolet\u00edn Informativo RFEN &#8211; CEIFC 2018<\/a><\/span><\/p>\n","protected":false},"excerpt":{"rendered":"<p>CAMPEONATO DE ESPA\u00d1A DE WATERPOLO INFANTIL FEMENINO POR CLUBES 2018 . La Real Federaci\u00f3n Espa\u00f1ola de Nataci\u00f3n, por mediaci\u00f3n de la agencia colaboradora Halc\u00f3n Viajes, pone a disposici\u00f3n de los clubes participantes y sus familiares este bolet\u00edn informativo de alojamiento: . Bolet\u00edn Informativo RFEN &#8211; CEIFC 2018<\/p>\n","protected":false},"author":20,"featured_media":0,"parent":6521,"menu_order":4,"comment_status":"closed","ping_status":"closed","template":"","meta":[],"_links":{"self":[{"href":"http:\/\/clubnatacionboadilla.es\/index.php?rest_route=\/wp\/v2\/pages\/6547"}],"collection":[{"href":"http:\/\/clubnatacionboadilla.es\/index.php?rest_route=\/wp\/v2\/pages"}],"about":[{"href":"http:\/\/clubnatacionboadilla.es\/index.php?rest_route=\/wp\/v2\/types\/page"}],"author":[{"embeddable":true,"href":"http:\/\/clubnatacionboadilla.es\/index.php?rest_route=\/wp\/v2\/users\/20"}],"replies":[{"embeddable":true,"href":"http:\/\/clubnatacionboadilla.es\/index.php?rest_route=%2Fwp%2Fv2%2Fcomments&post=6547"}],"version-history":[{"count":5,"href":"http:\/\/clubnatacionboadilla.es\/index.php?rest_route=\/wp\/v2\/pages\/6547\/revisions"}],"predecessor-version":[{"id":6623,"href":"http:\/\/clubnatacionboadilla.es\/index.php?rest_route=\/wp\/v2\/pages\/6547\/revisions\/6623"}],"up":[{"embeddable":true,"href":"http:\/\/clubnatacionboadilla.es\/index.php?rest_route=\/wp\/v2\/pages\/6521"}],"wp:attachment":[{"href":"http:\/\/clubnatacionboadilla.es\/index.php?rest_route=%2Fwp%2Fv2%2Fmedia&parent=6547"}],"curies":[{"name":"wp","href":"https:\/\/api.w.org\/{rel}","templated":true}]}}