{"id":6528,"date":"2018-06-07T12:40:52","date_gmt":"2018-06-07T11:40:52","guid":{"rendered":"http:\/\/clubnatacionboadilla.es\/?page_id=6528"},"modified":"2018-06-08T11:33:54","modified_gmt":"2018-06-08T10:33:54","slug":"ceifc-2018-lugar-de-celebracion","status":"publish","type":"page","link":"http:\/\/clubnatacionboadilla.es\/?page_id=6528","title":{"rendered":"CEIFC 2018 &#8211; Lugar de celebraci\u00f3n"},"content":{"rendered":"<p><span style=\"color: #ffff00;\"><strong><em>CAMPEONATO DE ESPA\u00d1A DE WATERPOLO INFANTIL FEMENINO POR CLUBES 2018<\/em><\/strong><\/span><br \/>\n<span style=\"color: #2e5fb8;\">.<\/span><\/p>\n<p style=\"text-align: justify;\"><span style=\"color: #ffffff;\">La <\/span><a href=\"http:\/\/www.fmn.es\" target=\"_blank\" rel=\"noopener noreferrer\">Federaci\u00f3n Madrile\u00f1a de Nataci\u00f3n<\/a><span style=\"color: #ffffff;\"> nos ha brindado todo su apoyo a la hora de organizar el campeonato, y la mayor prueba de ello es que ha cedido las instalaciones del <\/span><a href=\"http:\/\/www.m86.es\" target=\"_blank\" rel=\"noopener noreferrer\">Centro M-86<\/a><span style=\"color: #ffffff;\"> desde el mediod\u00eda del jueves para la disputa del CEIFC 2018.<\/span><\/p>\n<p style=\"text-align: justify;\"><a href=\"http:\/\/www.google.es\/maps\/place\/Centro+de+Nataci%C3%B3n+M-86\/@40.415266,-3.6690017,17z\/data=!3m1!4b1!4m5!3m4!1s0xd4228aa201e8ab1:0xdc615ca38aef9467!8m2!3d40.415266!4d-3.666813\" target=\"_blank\"><img decoding=\"async\" loading=\"lazy\" class=\"aligncenter size-full wp-image-6534\" src=\"http:\/\/clubnatacionboadilla.es\/wordpress\/wp-content\/uploads\/2018\/06\/dossier-m86-2.jpg\" alt=\"\" width=\"500\" height=\"300\" srcset=\"http:\/\/clubnatacionboadilla.es\/wordpress\/wp-content\/uploads\/2018\/06\/dossier-m86-2.jpg 500w, http:\/\/clubnatacionboadilla.es\/wordpress\/wp-content\/uploads\/2018\/06\/dossier-m86-2-300x180.jpg 300w\" sizes=\"(max-width: 500px) 100vw, 500px\" \/><\/a><\/p>\n<p style=\"text-align: justify;\"><span style=\"color: #ffffff;\">Esta instalaci\u00f3n de referencia en el deporte madrile\u00f1o y espa\u00f1ol est\u00e1 situada en la calle Jos\u00e9 Mart\u00ednez de Velasco (barrio de La Estrella) de Madrid capital. El acceso en transporte p\u00fablico es muy sencillo: la estaci\u00f3n de metro \u00abSainz de Baranda\u00bb (l\u00edneas 6 y 9) se encuentra a 150 metros.<\/span><\/p>\n<p style=\"text-align: justify;\"><a href=\"http:\/\/www.google.es\/maps\/place\/Centro+de+Nataci%C3%B3n+M-86\/@40.415266,-3.6690017,17z\/data=!3m1!4b1!4m5!3m4!1s0xd4228aa201e8ab1:0xdc615ca38aef9467!8m2!3d40.415266!4d-3.666813\" target=\"_blank\"><img decoding=\"async\" loading=\"lazy\" class=\"aligncenter size-full wp-image-6533\" src=\"http:\/\/clubnatacionboadilla.es\/wordpress\/wp-content\/uploads\/2018\/06\/dossier-m86-1.jpg\" alt=\"\" width=\"500\" height=\"221\" srcset=\"http:\/\/clubnatacionboadilla.es\/wordpress\/wp-content\/uploads\/2018\/06\/dossier-m86-1.jpg 500w, http:\/\/clubnatacionboadilla.es\/wordpress\/wp-content\/uploads\/2018\/06\/dossier-m86-1-300x133.jpg 300w\" sizes=\"(max-width: 500px) 100vw, 500px\" \/><\/a><\/p>\n<p style=\"text-align: justify;\"><span style=\"color: #ffffff;\">Cuenta con cafeter\u00eda propia (que oferta men\u00fas del d\u00eda, platos combinados y bocadillos) y en sus alrededores pod\u00e9is encontrar numerosos restaurantes tradicionales y de comida r\u00e1pida, bares, cafeter\u00edas, ultramarinos y supermercados.<\/span><\/p>\n","protected":false},"excerpt":{"rendered":"<p>CAMPEONATO DE ESPA\u00d1A DE WATERPOLO INFANTIL FEMENINO POR CLUBES 2018 . La Federaci\u00f3n Madrile\u00f1a de Nataci\u00f3n nos ha brindado todo su apoyo a la hora de organizar el campeonato, y la mayor prueba de ello es que ha cedido las instalaciones del Centro M-86 desde el mediod\u00eda del jueves para la disputa del CEIFC 2018. [&hellip;]<\/p>\n","protected":false},"author":20,"featured_media":0,"parent":6521,"menu_order":3,"comment_status":"closed","ping_status":"closed","template":"","meta":[],"_links":{"self":[{"href":"http:\/\/clubnatacionboadilla.es\/index.php?rest_route=\/wp\/v2\/pages\/6528"}],"collection":[{"href":"http:\/\/clubnatacionboadilla.es\/index.php?rest_route=\/wp\/v2\/pages"}],"about":[{"href":"http:\/\/clubnatacionboadilla.es\/index.php?rest_route=\/wp\/v2\/types\/page"}],"author":[{"embeddable":true,"href":"http:\/\/clubnatacionboadilla.es\/index.php?rest_route=\/wp\/v2\/users\/20"}],"replies":[{"embeddable":true,"href":"http:\/\/clubnatacionboadilla.es\/index.php?rest_route=%2Fwp%2Fv2%2Fcomments&post=6528"}],"version-history":[{"count":24,"href":"http:\/\/clubnatacionboadilla.es\/index.php?rest_route=\/wp\/v2\/pages\/6528\/revisions"}],"predecessor-version":[{"id":6597,"href":"http:\/\/clubnatacionboadilla.es\/index.php?rest_route=\/wp\/v2\/pages\/6528\/revisions\/6597"}],"up":[{"embeddable":true,"href":"http:\/\/clubnatacionboadilla.es\/index.php?rest_route=\/wp\/v2\/pages\/6521"}],"wp:attachment":[{"href":"http:\/\/clubnatacionboadilla.es\/index.php?rest_route=%2Fwp%2Fv2%2Fmedia&parent=6528"}],"curies":[{"name":"wp","href":"https:\/\/api.w.org\/{rel}","templated":true}]}}