{"id":5613,"date":"2016-11-18T11:23:12","date_gmt":"2016-11-18T10:23:12","guid":{"rendered":"http:\/\/clubnatacionboadilla.es\/?page_id=5613"},"modified":"2025-03-20T10:19:19","modified_gmt":"2025-03-20T09:19:19","slug":"colaboradores","status":"publish","type":"page","link":"http:\/\/clubnatacionboadilla.es\/?page_id=5613","title":{"rendered":"Colaboradores"},"content":{"rendered":"<p style=\"text-align: justify;\"><span style=\"color: #ffffff;\">Conoce a las empresas vinculadas con nuestro proyecto deportivo:<\/span><\/p>\n<h5><a href=\"https:\/\/powerplaysportsagency.com\/\" target=\"_blank\" rel=\"noopener noreferrer\">PowerPlay Sports Agency<\/a><\/h5>\n<h5><a href=\"https:\/\/elchingon.es\/\" target=\"_blank\" rel=\"noopener noreferrer\">Restaurante El Ching\u00f3n<\/a><\/h5>\n<h5><a href=\"https:\/\/www.nacarvision.es\/\" target=\"_blank\" rel=\"noopener noreferrer\">Centro \u00d3ptico y Auditivo Nacar Visi\u00f3n<\/a><\/h5>\n<h5><a href=\"https:\/\/clinicas.moonz.com\/madrid\/moonz-boadilla\/\" target=\"_blank\" rel=\"noopener noreferrer\">Cl\u00ednica Dental Moonz Boadilla<\/a><\/h5>\n<h5><a href=\"https:\/\/linktr.ee\/mcapelli?fbclid=PAZXh0bgNhZW0CMTEAAaYI8GP8zZDCynjTncaY5Kq-WIPDgDpV_WPKHjsPZ_YWuUYjc1WjPibNuX8_aem_WmFccuwHbkXHu9O2jqZgSQ\" target=\"_blank\" rel=\"noopener noreferrer\">Miguel Capelli Fotograf\u00eda<\/a><\/h5>\n<p><span style=\"color: #2e5fb8;\">.<\/span><br \/>\n<span style=\"color: #2e5fb8;\">.<\/span><\/p>\n<p style=\"text-align: justify;\"><span style=\"color: #ffffff;\">Conoce a las entidades que colaboran con el club:<\/span><\/p>\n<h5><a href=\"https:\/\/ayuntamientoboadilladelmonte.org\/\" target=\"_blank\" rel=\"noopener noreferrer\">Ayuntamiento de Boadilla del Monte<\/a><\/h5>\n<h5><a href=\"https:\/\/colegioarcadia.com\/\" target=\"_blank\" rel=\"noopener noreferrer\">Colegio Arcadia<\/a><\/h5>\n<h5><a href=\"https:\/\/www.fmn.es\/\" target=\"_blank\" rel=\"noopener noreferrer\">Federaci\u00f3n Madrile\u00f1a de Nataci\u00f3n<\/a><\/h5>\n<h5><a href=\"https:\/\/www.rfen.es\/\" target=\"_blank\" rel=\"noopener noreferrer\">Real Federaci\u00f3n Espa\u00f1ola de Nataci\u00f3n<\/a><\/h5>\n<h5><a href=\"https:\/\/www.csd.gob.es\/\" target=\"_blank\" rel=\"noopener noreferrer\">Consejo Superior de Deportes<\/a><\/h5>\n<p><span style=\"color: #2e5fb8;\">.<\/span><\/p>\n<p style=\"text-align: justify;\"><span style=\"color: #ffffff;\">Si tienes un negocio y est\u00e1s interesado en patrocinarnos, o conoces a alguien que pudiera estarlo, pincha aqu\u00ed para descargar nuestro dossier actualizado:<\/span><\/p>\n<h5><a href=\"https:\/\/clubnatacionboadilla.es\/wordpress\/wp-content\/uploads\/2025\/03\/dossier-2425-v1.1.pdf\" target=\"_blank\" rel=\"noopener noreferrer\">Dossier Patrocinio<\/a><\/h5>\n<p><span style=\"color: #2e5fb8;\">.<\/span><br \/>\n<span style=\"color: #2e5fb8;\">.<\/span><br \/>\n<a href=\"https:\/\/clubnatacionboadilla.es\/?page_id=1581\"><img decoding=\"async\" loading=\"lazy\" class=\"aligncenter size-full wp-image-6600\" src=\"http:\/\/clubnatacionboadilla.es\/wordpress\/wp-content\/uploads\/2025\/03\/COLA-foto.jpg\" alt=\"\" width=\"1000\" height=\"326\"><\/a><\/p>\n","protected":false},"excerpt":{"rendered":"<p>Conoce a las empresas vinculadas con nuestro proyecto deportivo: PowerPlay Sports Agency Restaurante El Ching\u00f3n Centro \u00d3ptico y Auditivo Nacar Visi\u00f3n Cl\u00ednica Dental Moonz Boadilla Miguel Capelli Fotograf\u00eda . . Conoce a las entidades que colaboran con el club: Ayuntamiento de Boadilla del Monte Colegio Arcadia Federaci\u00f3n Madrile\u00f1a de Nataci\u00f3n Real Federaci\u00f3n Espa\u00f1ola de Nataci\u00f3n [&hellip;]<\/p>\n","protected":false},"author":7,"featured_media":0,"parent":0,"menu_order":0,"comment_status":"closed","ping_status":"closed","template":"","meta":[],"_links":{"self":[{"href":"http:\/\/clubnatacionboadilla.es\/index.php?rest_route=\/wp\/v2\/pages\/5613"}],"collection":[{"href":"http:\/\/clubnatacionboadilla.es\/index.php?rest_route=\/wp\/v2\/pages"}],"about":[{"href":"http:\/\/clubnatacionboadilla.es\/index.php?rest_route=\/wp\/v2\/types\/page"}],"author":[{"embeddable":true,"href":"http:\/\/clubnatacionboadilla.es\/index.php?rest_route=\/wp\/v2\/users\/7"}],"replies":[{"embeddable":true,"href":"http:\/\/clubnatacionboadilla.es\/index.php?rest_route=%2Fwp%2Fv2%2Fcomments&post=5613"}],"version-history":[{"count":55,"href":"http:\/\/clubnatacionboadilla.es\/index.php?rest_route=\/wp\/v2\/pages\/5613\/revisions"}],"predecessor-version":[{"id":7574,"href":"http:\/\/clubnatacionboadilla.es\/index.php?rest_route=\/wp\/v2\/pages\/5613\/revisions\/7574"}],"wp:attachment":[{"href":"http:\/\/clubnatacionboadilla.es\/index.php?rest_route=%2Fwp%2Fv2%2Fmedia&parent=5613"}],"curies":[{"name":"wp","href":"https:\/\/api.w.org\/{rel}","templated":true}]}}