{"id":5602,"date":"2016-11-18T11:07:21","date_gmt":"2016-11-18T10:07:21","guid":{"rendered":"http:\/\/clubnatacionboadilla.es\/?page_id=5602"},"modified":"2016-11-18T11:07:21","modified_gmt":"2016-11-18T10:07:21","slug":"presentacion","status":"publish","type":"page","link":"http:\/\/clubnatacionboadilla.es\/?page_id=5602","title":{"rendered":"Presentaci\u00f3n"},"content":{"rendered":"<p>Para conocer cu\u00e1ndo y c\u00f3mo nace el club y cual es nuestra filosof\u00eda de trabajo te ofrecemos el siguiente documento:<\/p>\n<h5 style=\"padding-left: 30px;\"><a href=\"http:\/\/clubnatacionboadilla.es\/wordpress\/wp-content\/uploads\/2015\/08\/CDNB_presentaci\u00f3n.pdf\">Presentaci\u00f3n<\/a><\/h5>\n","protected":false},"excerpt":{"rendered":"<p>Para conocer cu\u00e1ndo y c\u00f3mo nace el club y cual es nuestra filosof\u00eda de trabajo te ofrecemos el siguiente documento: Presentaci\u00f3n<\/p>\n","protected":false},"author":7,"featured_media":0,"parent":0,"menu_order":0,"comment_status":"closed","ping_status":"closed","template":"","meta":[],"_links":{"self":[{"href":"http:\/\/clubnatacionboadilla.es\/index.php?rest_route=\/wp\/v2\/pages\/5602"}],"collection":[{"href":"http:\/\/clubnatacionboadilla.es\/index.php?rest_route=\/wp\/v2\/pages"}],"about":[{"href":"http:\/\/clubnatacionboadilla.es\/index.php?rest_route=\/wp\/v2\/types\/page"}],"author":[{"embeddable":true,"href":"http:\/\/clubnatacionboadilla.es\/index.php?rest_route=\/wp\/v2\/users\/7"}],"replies":[{"embeddable":true,"href":"http:\/\/clubnatacionboadilla.es\/index.php?rest_route=%2Fwp%2Fv2%2Fcomments&post=5602"}],"version-history":[{"count":1,"href":"http:\/\/clubnatacionboadilla.es\/index.php?rest_route=\/wp\/v2\/pages\/5602\/revisions"}],"predecessor-version":[{"id":5603,"href":"http:\/\/clubnatacionboadilla.es\/index.php?rest_route=\/wp\/v2\/pages\/5602\/revisions\/5603"}],"wp:attachment":[{"href":"http:\/\/clubnatacionboadilla.es\/index.php?rest_route=%2Fwp%2Fv2%2Fmedia&parent=5602"}],"curies":[{"name":"wp","href":"https:\/\/api.w.org\/{rel}","templated":true}]}}